{"id":651,"date":"2017-06-27T06:20:05","date_gmt":"2017-06-27T06:20:05","guid":{"rendered":"http:\/\/dummy.xtemos.com\/woodmart\/demos\/?page_id=651"},"modified":"2021-03-25T21:27:36","modified_gmt":"2021-03-25T21:27:36","slug":"contacto","status":"publish","type":"page","link":"https:\/\/fersom.mx\/en\/contacto\/","title":{"rendered":"Contact"},"content":{"rendered":"<div data-vc-full-width=\"true\" data-vc-full-width-init=\"false\" data-vc-stretch-content=\"true\" class=\"vc_row wpb_row vc_row-fluid wpb_animate_when_almost_visible wpb_fadeIn fadeIn vc_custom_1484584585742 vc_row-no-padding\"><div class=\"wpb_column vc_column_container vc_col-sm-12\"><div class=\"vc_column-inner\"><div class=\"wpb_wrapper\">\n\t<div class=\"wpb_raw_code wpb_content_element wpb_raw_html\" >\n\t\t<div class=\"wpb_wrapper\">\n\t\t\t<iframe src=\"https:\/\/www.google.com\/maps\/embed?pb=!1m18!1m12!1m3!1d3805.7010431145186!2d-91.42720619412253!3d17.474017317574923!2m3!1f0!2f0!3f0!3m2!1i1024!2i768!4f13.1!3m3!1m2!1s0x85f390a065599b03%3A0x18dd00424d795280!2sCalle%2031%20108%2C%20Centro%2C%2086900%20Tenosique%20de%20Pino%20Su%C3%A1rez%2C%20Tab.!5e0!3m2!1ses!2smx!4v1613173499004!5m2!1ses!2smx\" width=\"100%\" height=\"450\" frameborder=\"0\" style=\"border:0;\" allowfullscreen=\"\" aria-hidden=\"false\" tabindex=\"0\"><\/iframe>\n\t\t<\/div>\n\t<\/div>\n<\/div><\/div><\/div><\/div><div class=\"vc_row-full-width vc_clearfix\"><\/div><div class=\"vc_row wpb_row vc_row-fluid wpb_animate_when_almost_visible wpb_fadeIn fadeIn vc_custom_1496931930911 vc_row-o-equal-height vc_row-flex\"><div class=\"wpb_column vc_column_container vc_col-sm-12 vc_col-lg-6 vc_col-md-6 vc_col-has-fill\"><div class=\"vc_column-inner vc_custom_1496932335926\"><div class=\"wpb_wrapper\">\t\t\n\t\t<div id=\"wd-6027133631069\" class=\"title-wrapper  woodmart-title-color-default woodmart-title-style-bordered woodmart-title-width-100 text-left woodmart-title-size-default vc_custom_1613173565427\">\n\t\t\t\t\t\t\n\t\t\t<div class=\"liner-continer\">\n\t\t\t\t<span class=\"left-line\"><\/span>\n\t\t\t\t<h4 class=\"woodmart-title-container title  woodmart-font-weight-\" >CONTACT US!<\/h4>\t\t\t\t\t\t\t\t<span class=\"right-line\"><\/span>\n\t\t\t<\/div>\n\t\t\t\n\t\t\t\t\t\t\n\t\t\t\t\t<\/div>\n\t\t\n\t\t<div role=\"form\" class=\"wpcf7\" id=\"wpcf7-f608-o1\" lang=\"en-US\" dir=\"ltr\">\n<div class=\"screen-reader-response\"><p role=\"status\" aria-live=\"polite\" aria-atomic=\"true\"><\/p> <ul><\/ul><\/div>\n<form action=\"\/en\/wp-json\/wp\/v2\/pages\/651#wpcf7-f608-o1\" method=\"post\" class=\"wpcf7-form init\" novalidate=\"novalidate\" data-status=\"init\" data-trp-original-action=\"\/en\/wp-json\/wp\/v2\/pages\/651#wpcf7-f608-o1\">\n<div style=\"display: none;\">\n<input type=\"hidden\" name=\"_wpcf7\" value=\"608\" \/>\n<input type=\"hidden\" name=\"_wpcf7_version\" value=\"5.4.2\" \/>\n<input type=\"hidden\" name=\"_wpcf7_locale\" value=\"en_US\" \/>\n<input type=\"hidden\" name=\"_wpcf7_unit_tag\" value=\"wpcf7-f608-o1\" \/>\n<input type=\"hidden\" name=\"_wpcf7_container_post\" value=\"0\" \/>\n<input type=\"hidden\" name=\"_wpcf7_posted_data_hash\" value=\"\" \/>\n<\/div>\n<div class=\"row\">\n<div class=\"col-md-6\" style='margin-bottom:20px;'><label>Name<\/label><span class=\"wpcf7-form-control-wrap your-name\"><input type=\"text\" name=\"your-name\" value=\"\" size=\"40\" class=\"wpcf7-form-control wpcf7-text wpcf7-validates-as-required\" aria-required=\"true\" aria-invalid=\"false\" \/><\/span><\/div>\n<div class=\"col-md-6\" style='margin-bottom:20px;'><label>E-mail<\/label><span class=\"wpcf7-form-control-wrap your-email\"><input type=\"email\" name=\"your-email\" value=\"\" size=\"40\" class=\"wpcf7-form-control wpcf7-text wpcf7-email wpcf7-validates-as-required wpcf7-validates-as-email\" aria-required=\"true\" aria-invalid=\"false\" \/><\/span><\/div>\n<\/div>\n<p><label>Message<\/label><span class=\"wpcf7-form-control-wrap your-message\"><textarea name=\"your-message\" cols=\"40\" rows=\"10\" class=\"wpcf7-form-control wpcf7-textarea\" aria-invalid=\"false\"><\/textarea><\/span><\/p>\n<p><input type=\"submit\" value=\"Send\" class=\"wpcf7-form-control wpcf7-submit\" \/><\/p>\n<p style=\"display: none !important;\"><label>&#916;<textarea name=\"_wpcf7_ak_hp_textarea\" cols=\"45\" rows=\"8\" maxlength=\"100\"><\/textarea><\/label><input type=\"hidden\" id=\"ak_js_1\" name=\"_wpcf7_ak_js\" value=\"155\"\/><script>document.getElementById( \"ak_js_1\" ).setAttribute( \"value\", ( new Date() ).getTime() );<\/script><\/p><div class=\"wpcf7-response-output\" aria-hidden=\"true\"><\/div><input type=\"hidden\" name=\"trp-form-language\" value=\"en\"\/><\/form><\/div><\/div><\/div><\/div><div class=\"wpb_column vc_column_container vc_col-sm-12 vc_col-lg-6 vc_col-md-6\"><div class=\"vc_column-inner vc_custom_1496932331302\"><div class=\"wpb_wrapper\">\t\t\n\t\t<div id=\"wd-60413427d56bf\" class=\"title-wrapper  woodmart-title-color-default woodmart-title-style-bordered woodmart-title-width-100 text-left woodmart-title-size-medium vc_custom_1614885924884\">\n\t\t\t\t\t\t\n\t\t\t<div class=\"liner-continer\">\n\t\t\t\t<span class=\"left-line\"><\/span>\n\t\t\t\t<h4 class=\"woodmart-title-container title  woodmart-font-weight-\" >FERSOM<\/h4>\t\t\t\t\t\t\t\t<span class=\"right-line\"><\/span>\n\t\t\t<\/div>\n\t\t\t\n\t\t\t\t\t\t\n\t\t\t\t\t<\/div>\n\t\t\n\t\t\n\t<div class=\"wpb_text_column wpb_content_element\" >\n\t\t<div class=\"wpb_wrapper\">\n\t\t\t<p style=\"text-align: left;\"><span style=\"font-weight: 400;\">We offer comprehensive solutions in the sale and distribution of electrical materials, lighting, technology and plumbing from the best brands, with personalized management and technical advice. <\/span><\/p>\n<p style=\"text-align: left;\"><span style=\"font-weight: 400;\">Digital printing and signage services, infrastructure projects and execution, and much more.<\/span><\/p>\n\n\t\t<\/div>\n\t<\/div>\n\t\t\n\t\t<div id=\"wd-604134a6f3015\" class=\"title-wrapper  woodmart-title-color-default woodmart-title-style-bordered woodmart-title-width-100 text-left woodmart-title-size-default vc_custom_1614886057346\">\n\t\t\t\t\t\t\n\t\t\t<div class=\"liner-continer\">\n\t\t\t\t<span class=\"left-line\"><\/span>\n\t\t\t\t<h4 class=\"woodmart-title-container title  woodmart-font-weight-\" >GET IN TOUCH<\/h4>\t\t\t\t\t\t\t\t<span class=\"right-line\"><\/span>\n\t\t\t<\/div>\n\t\t\t\n\t\t\t\t\t\t\n\t\t\t\t\t<\/div>\n\t\t\n\t\t<div class=\"vc_row wpb_row vc_inner vc_row-fluid vc_custom_1484253288811\"><div class=\"wpb_column vc_column_container vc_col-sm-6\"><div class=\"vc_column-inner\"><div class=\"wpb_wrapper\">\t\t\t<div class=\"info-box-wrapper\">\n\t\t\t\t<div id=\"wd-60369b3c15820\" class=\"woodmart-info-box text-left box-icon-align-left box-style- color-scheme- woodmart-bg-none box-title-small vc_custom_1614191445549\"  >\n\t\t\t\t\t\t\t\t\t\t\t<div class=\"box-icon-wrapper  box-with-icon box-icon-simple\">\n\t\t\t\t\t\t\t<div class=\"info-box-icon\">\n\n\t\t\t\t\t\t\t\n\t\t\t\t\t\t\t\t\t\t\t\t\t\t\t\t\t<img class=\"info-icon image-1\" src=\"https:\/\/fersom.mx\/wp-content\/uploads\/2021\/02\/icons-electronics-1-40x40.png\" width=\"40\" height=\"40\" alt=\"icons-electronics (1)\" title=\"icons-electronics (1)\" \/>\t\t\t\t\t\t\t\t\t\t\t\t\t\t\t\t\n\t\t\t\t\t\t\t\n\t\t\t\t\t\t\t<\/div>\n\t\t\t\t\t\t<\/div>\n\t\t\t\t\t\t\t\t\t\t<div class=\"info-box-content\">\n\t\t\t\t\t\t\t\t\t\t\t\t<div class=\"info-box-inner reset-mb-10\">\n\t\t\t\t\t\t\t<p><span style=\"color: #333333;\"><strong>E-mail: <\/strong><\/span>@ fersom.mx<\/p>\n\t\t\t\t\t\t<\/div>\n\n\t\t\t\t\t\t\t\t\t\t\t\t\n\t\t\t\t\t<\/div>\n\n\t\t\t\t\t\t\t\t\t<\/div>\n\t\t\t<\/div>\n\t\t\t\t\t<div class=\"info-box-wrapper\">\n\t\t\t\t<div id=\"wd-6041345db9bca\" class=\"woodmart-info-box text-left box-icon-align-left box-style- color-scheme- woodmart-bg-none box-title-small vc_custom_1614885980167\"  >\n\t\t\t\t\t\t\t\t\t\t\t<div class=\"box-icon-wrapper  box-with-icon box-icon-simple\">\n\t\t\t\t\t\t\t<div class=\"info-box-icon\">\n\n\t\t\t\t\t\t\t\n\t\t\t\t\t\t\t\t\t\t\t\t\t\t\t\t\t<img class=\"info-icon image-1\" src=\"https:\/\/fersom.mx\/wp-content\/uploads\/2021\/02\/icons-mobile-1-40x40.png\" width=\"40\" height=\"40\" alt=\"icons-mobile (1)\" title=\"icons-mobile (1)\" \/>\t\t\t\t\t\t\t\t\t\t\t\t\t\t\t\t\n\t\t\t\t\t\t\t\n\t\t\t\t\t\t\t<\/div>\n\t\t\t\t\t\t<\/div>\n\t\t\t\t\t\t\t\t\t\t<div class=\"info-box-content\">\n\t\t\t\t\t\t\t\t\t\t\t\t<div class=\"info-box-inner reset-mb-10\">\n\t\t\t\t\t\t\t<p><span style=\"color: #333333;\"><b>Phone<\/b><strong style=\"color: #333333;\">: <\/strong><\/span>934 688 0544<\/p>\n<p><span style=\"color: #333333;\"><strong>Whatsapp: <\/strong><\/span>56 2392 7870<\/p>\n\t\t\t\t\t\t<\/div>\n\n\t\t\t\t\t\t\t\t\t\t\t\t\n\t\t\t\t\t<\/div>\n\n\t\t\t\t\t\t\t\t\t<\/div>\n\t\t\t<\/div>\n\t\t<\/div><\/div><\/div><div class=\"wpb_column vc_column_container vc_col-sm-6\"><div class=\"vc_column-inner\"><div class=\"wpb_wrapper\">\t\t\t<div class=\"info-box-wrapper\">\n\t\t\t\t<div id=\"wd-60369b5a76baf\" class=\"woodmart-info-box text-left box-icon-align-left box-style- color-scheme- woodmart-bg-none box-title-small vc_custom_1614191468546\"  >\n\t\t\t\t\t\t\t\t\t\t\t<div class=\"box-icon-wrapper  box-with-icon box-icon-simple\">\n\t\t\t\t\t\t\t<div class=\"info-box-icon\">\n\n\t\t\t\t\t\t\t\n\t\t\t\t\t\t\t\t\t\t\t\t\t\t\t\t\t<img class=\"info-icon image-1\" src=\"https:\/\/fersom.mx\/wp-content\/uploads\/2021\/02\/icons-ubicacaion-1-40x40.jpg\" width=\"40\" height=\"40\" alt=\"icons-ubicacaion (1)\" title=\"icons-location (1)\" \/>\t\t\t\t\t\t\t\t\t\t\t\t\t\t\t\t\n\t\t\t\t\t\t\t\n\t\t\t\t\t\t\t<\/div>\n\t\t\t\t\t\t<\/div>\n\t\t\t\t\t\t\t\t\t\t<div class=\"info-box-content\">\n\t\t\t\t\t\t\t\t\t\t\t\t<div class=\"info-box-inner reset-mb-10\">\n\t\t\t\t\t\t\t<p><span style=\"color: #333333;\"><strong>Direction:<\/strong><\/span> Calle 31 # 108 Colonia, Centro. Tenosique, Tabasco. Mexico. CP 86901<\/p>\n\t\t\t\t\t\t<\/div>\n\n\t\t\t\t\t\t\t\t\t\t\t\t\n\t\t\t\t\t<\/div>\n\n\t\t\t\t\t\t\t\t\t<\/div>\n\t\t\t<\/div>\n\t\t<\/div><\/div><\/div><\/div><div class=\"vc_separator wpb_content_element vc_separator_align_center vc_sep_width_100 vc_sep_pos_align_center vc_separator_no_text vc_sep_color_grey vc_custom_1484254145420\" ><span class=\"vc_sep_holder vc_sep_holder_l\"><span  class=\"vc_sep_line\"><\/span><\/span><span class=\"vc_sep_holder vc_sep_holder_r\"><span  class=\"vc_sep_line\"><\/span><\/span>\n<\/div><\/div><\/div><\/div><\/div>","protected":false},"excerpt":{"rendered":"CONTACT US! Name Email Message \u0394 FERSOM We offer comprehensive solutions in the sale and distribution of electrical materials, lighting, technology and","protected":false},"author":1,"featured_media":7593,"parent":0,"menu_order":0,"comment_status":"closed","ping_status":"closed","template":"","meta":{"spay_email":""},"yoast_head":"<!-- This site is optimized with the Yoast SEO plugin v16.8 - https:\/\/yoast.com\/wordpress\/plugins\/seo\/ -->\n<title>Contacto | Fersom<\/title>\n<meta name=\"description\" content=\"Contacto de la comercializadora Fersom. Productos de plomer\u00eda, electricidad, iluminaci\u00f3n y tecnolog\u00eda. Las mejores marcas y precios.\" \/>\n<meta name=\"robots\" content=\"index, follow, max-snippet:-1, max-image-preview:large, max-video-preview:-1\" \/>\n<link rel=\"canonical\" href=\"https:\/\/fersom.mx\/en\/contacto\/\" \/>\n<meta property=\"og:locale\" content=\"en_US\" \/>\n<meta property=\"og:type\" content=\"article\" \/>\n<meta property=\"og:title\" content=\"Contacto | Fersom\" \/>\n<meta property=\"og:description\" content=\"Contacto de la comercializadora Fersom. Productos de plomer\u00eda, electricidad, iluminaci\u00f3n y tecnolog\u00eda. Las mejores marcas y precios.\" \/>\n<meta property=\"og:url\" content=\"https:\/\/fersom.mx\/en\/contacto\/\" \/>\n<meta property=\"og:site_name\" content=\"Fersom\" \/>\n<meta property=\"article:publisher\" content=\"https:\/\/www.facebook.com\/fersom.mx\/\" \/>\n<meta property=\"article:modified_time\" content=\"2021-03-25T21:27:36+00:00\" \/>\n<meta property=\"og:image\" content=\"https:\/\/fersom.mx\/wp-content\/uploads\/2021\/03\/Untitled-1.png\" \/>\n\t<meta property=\"og:image:width\" content=\"300\" \/>\n\t<meta property=\"og:image:height\" content=\"300\" \/>\n<meta name=\"twitter:card\" content=\"summary_large_image\" \/>\n<meta name=\"twitter:label1\" content=\"Est. reading time\" \/>\n\t<meta name=\"twitter:data1\" content=\"2 minutes\" \/>\n<script type=\"application\/ld+json\" class=\"yoast-schema-graph\">{\"@context\":\"https:\/\/schema.org\",\"@graph\":[{\"@type\":\"Organization\",\"@id\":\"https:\/\/fersom.mx\/en\/#organization\",\"name\":\"Fersom\",\"url\":\"https:\/\/fersom.mx\/en\/\",\"sameAs\":[\"https:\/\/www.facebook.com\/fersom.mx\/\"],\"logo\":{\"@type\":\"ImageObject\",\"@id\":\"https:\/\/fersom.mx\/en\/#logo\",\"inLanguage\":\"en-US\",\"url\":\"https:\/\/fersom.mx\/wp-content\/uploads\/2021\/02\/logo-fersom.png\",\"contentUrl\":\"https:\/\/fersom.mx\/wp-content\/uploads\/2021\/02\/logo-fersom.png\",\"width\":300,\"height\":100,\"caption\":\"Fersom\"},\"image\":{\"@id\":\"https:\/\/fersom.mx\/en\/#logo\"}},{\"@type\":\"WebSite\",\"@id\":\"https:\/\/fersom.mx\/en\/#website\",\"url\":\"https:\/\/fersom.mx\/en\/\",\"name\":\"Fersom\",\"description\":\"Comercial el&eacute;ctrica\",\"publisher\":{\"@id\":\"https:\/\/fersom.mx\/en\/#organization\"},\"potentialAction\":[{\"@type\":\"SearchAction\",\"target\":{\"@type\":\"EntryPoint\",\"urlTemplate\":\"https:\/\/fersom.mx\/en\/?s={search_term_string}\"},\"query-input\":\"required name=search_term_string\"}],\"inLanguage\":\"en-US\"},{\"@type\":\"ImageObject\",\"@id\":\"https:\/\/fersom.mx\/en\/contacto\/#primaryimage\",\"inLanguage\":\"en-US\",\"url\":\"https:\/\/fersom.mx\/wp-content\/uploads\/2021\/03\/Untitled-1.png\",\"contentUrl\":\"https:\/\/fersom.mx\/wp-content\/uploads\/2021\/03\/Untitled-1.png\",\"width\":300,\"height\":300},{\"@type\":\"WebPage\",\"@id\":\"https:\/\/fersom.mx\/en\/contacto\/#webpage\",\"url\":\"https:\/\/fersom.mx\/en\/contacto\/\",\"name\":\"Contacto | Fersom\",\"isPartOf\":{\"@id\":\"https:\/\/fersom.mx\/en\/#website\"},\"primaryImageOfPage\":{\"@id\":\"https:\/\/fersom.mx\/en\/contacto\/#primaryimage\"},\"datePublished\":\"2017-06-27T06:20:05+00:00\",\"dateModified\":\"2021-03-25T21:27:36+00:00\",\"description\":\"Contacto de la comercializadora Fersom. Productos de plomer\\u00eda, electricidad, iluminaci\\u00f3n y tecnolog\\u00eda. Las mejores marcas y precios.\",\"breadcrumb\":{\"@id\":\"https:\/\/fersom.mx\/en\/contacto\/#breadcrumb\"},\"inLanguage\":\"en-US\",\"potentialAction\":[{\"@type\":\"ReadAction\",\"target\":[\"https:\/\/fersom.mx\/en\/contacto\/\"]}]},{\"@type\":\"BreadcrumbList\",\"@id\":\"https:\/\/fersom.mx\/en\/contacto\/#breadcrumb\",\"itemListElement\":[{\"@type\":\"ListItem\",\"position\":1,\"name\":\"Portada\",\"item\":\"https:\/\/fersom.mx\/en\/\"},{\"@type\":\"ListItem\",\"position\":2,\"name\":\"Contacto\"}]}]}<\/script>\n<!-- \/ Yoast SEO plugin. -->","yoast_head_json":{"title":"Contacto | Fersom","description":"Contacto de la comercializadora Fersom. Productos de plomer\u00eda, electricidad, iluminaci\u00f3n y tecnolog\u00eda. Las mejores marcas y precios.","robots":{"index":"index","follow":"follow","max-snippet":"max-snippet:-1","max-image-preview":"max-image-preview:large","max-video-preview":"max-video-preview:-1"},"canonical":"https:\/\/fersom.mx\/en\/contacto\/","og_locale":"en_US","og_type":"article","og_title":"Contacto | Fersom","og_description":"Contacto de la comercializadora Fersom. Productos de plomer\u00eda, electricidad, iluminaci\u00f3n y tecnolog\u00eda. Las mejores marcas y precios.","og_url":"https:\/\/fersom.mx\/en\/contacto\/","og_site_name":"Fersom","article_publisher":"https:\/\/www.facebook.com\/fersom.mx\/","article_modified_time":"2021-03-25T21:27:36+00:00","og_image":[{"width":300,"height":300,"url":"https:\/\/fersom.mx\/wp-content\/uploads\/2021\/03\/Untitled-1.png","path":"\/home\/plzagpnuelbj\/public_html\/fersom.mx\/wp-content\/uploads\/2021\/03\/Untitled-1.png","size":"full","id":7593,"alt":"","pixels":90000,"type":"image\/png"}],"twitter_card":"summary_large_image","twitter_misc":{"Est. reading time":"2 minutes"},"schema":{"@context":"https:\/\/schema.org","@graph":[{"@type":"Organization","@id":"https:\/\/fersom.mx\/en\/#organization","name":"Fersom","url":"https:\/\/fersom.mx\/en\/","sameAs":["https:\/\/www.facebook.com\/fersom.mx\/"],"logo":{"@type":"ImageObject","@id":"https:\/\/fersom.mx\/en\/#logo","inLanguage":"en-US","url":"https:\/\/fersom.mx\/wp-content\/uploads\/2021\/02\/logo-fersom.png","contentUrl":"https:\/\/fersom.mx\/wp-content\/uploads\/2021\/02\/logo-fersom.png","width":300,"height":100,"caption":"Fersom"},"image":{"@id":"https:\/\/fersom.mx\/en\/#logo"}},{"@type":"WebSite","@id":"https:\/\/fersom.mx\/en\/#website","url":"https:\/\/fersom.mx\/en\/","name":"Fersom","description":"Comercial el&eacute;ctrica","publisher":{"@id":"https:\/\/fersom.mx\/en\/#organization"},"potentialAction":[{"@type":"SearchAction","target":{"@type":"EntryPoint","urlTemplate":"https:\/\/fersom.mx\/en\/?s={search_term_string}"},"query-input":"required name=search_term_string"}],"inLanguage":"en-US"},{"@type":"ImageObject","@id":"https:\/\/fersom.mx\/en\/contacto\/#primaryimage","inLanguage":"en-US","url":"https:\/\/fersom.mx\/wp-content\/uploads\/2021\/03\/Untitled-1.png","contentUrl":"https:\/\/fersom.mx\/wp-content\/uploads\/2021\/03\/Untitled-1.png","width":300,"height":300},{"@type":"WebPage","@id":"https:\/\/fersom.mx\/en\/contacto\/#webpage","url":"https:\/\/fersom.mx\/en\/contacto\/","name":"Contacto | Fersom","isPartOf":{"@id":"https:\/\/fersom.mx\/en\/#website"},"primaryImageOfPage":{"@id":"https:\/\/fersom.mx\/en\/contacto\/#primaryimage"},"datePublished":"2017-06-27T06:20:05+00:00","dateModified":"2021-03-25T21:27:36+00:00","description":"Contacto de la comercializadora Fersom. Productos de plomer\u00eda, electricidad, iluminaci\u00f3n y tecnolog\u00eda. Las mejores marcas y precios.","breadcrumb":{"@id":"https:\/\/fersom.mx\/en\/contacto\/#breadcrumb"},"inLanguage":"en-US","potentialAction":[{"@type":"ReadAction","target":["https:\/\/fersom.mx\/en\/contacto\/"]}]},{"@type":"BreadcrumbList","@id":"https:\/\/fersom.mx\/en\/contacto\/#breadcrumb","itemListElement":[{"@type":"ListItem","position":1,"name":"Portada","item":"https:\/\/fersom.mx\/en\/"},{"@type":"ListItem","position":2,"name":"Contacto"}]}]}},"_links":{"self":[{"href":"https:\/\/fersom.mx\/en\/wp-json\/wp\/v2\/pages\/651"}],"collection":[{"href":"https:\/\/fersom.mx\/en\/wp-json\/wp\/v2\/pages"}],"about":[{"href":"https:\/\/fersom.mx\/en\/wp-json\/wp\/v2\/types\/page"}],"author":[{"embeddable":true,"href":"https:\/\/fersom.mx\/en\/wp-json\/wp\/v2\/users\/1"}],"replies":[{"embeddable":true,"href":"https:\/\/fersom.mx\/en\/wp-json\/wp\/v2\/comments?post=651"}],"version-history":[{"count":13,"href":"https:\/\/fersom.mx\/en\/wp-json\/wp\/v2\/pages\/651\/revisions"}],"predecessor-version":[{"id":7618,"href":"https:\/\/fersom.mx\/en\/wp-json\/wp\/v2\/pages\/651\/revisions\/7618"}],"wp:featuredmedia":[{"embeddable":true,"href":"https:\/\/fersom.mx\/en\/wp-json\/wp\/v2\/media\/7593"}],"wp:attachment":[{"href":"https:\/\/fersom.mx\/en\/wp-json\/wp\/v2\/media?parent=651"}],"curies":[{"name":"wp","href":"https:\/\/api.w.org\/{rel}","templated":true}]}}