{"id":850,"date":"2017-07-13T07:19:33","date_gmt":"2017-07-13T07:19:33","guid":{"rendered":"http:\/\/dummy.xtemos.com\/woodmart\/demos\/?page_id=850"},"modified":"2021-03-25T21:22:11","modified_gmt":"2021-03-25T21:22:11","slug":"impresion-e-infraestructura","status":"publish","type":"page","link":"https:\/\/fersom.mx\/en\/impresion-e-infraestructura\/","title":{"rendered":"Printing and infrastructure"},"content":{"rendered":"<div class=\"vc_row wpb_row vc_row-fluid vc_custom_1614641227552 vc_row-has-fill vc_row-o-equal-height vc_row-flex\"><div class=\"wpb_column vc_column_container vc_col-sm-12 vc_col-lg-6 vc_col-md-12 vc_col-xs-12\"><div class=\"vc_column-inner vc_custom_1497520246521\"><div class=\"wpb_wrapper\">\t\t<div id=\"gallery_989\" class=\"woodmart-images-gallery view-grid photoswipe-images\" >\n\t\t\t<div class=\"gallery-images row woodmart-spacing-2\">\n\t\t\t\t\t\t\t\t\t\t\t\t\t\t\t<div class=\"woodmart-gallery-item col-12\">\n\t\t\t\t\t\t\t\t\t\t\t\t\t\t<a href=\"https:\/\/fersom.mx\/wp-content\/uploads\/2021\/02\/anuncio3d-1-scaled.jpg\" data-elementor-open-lightbox=\"no\" data-index=\"1\" data-width=\"1440\" data-height=\"2560\"  >\n\t\t\t\t\t\t\t\t\t\t\t\t\t\t\t\t\n\t\t\t\t\t\t\t\t\t\t\t\t\t\t\t\t\t<img class=\"woodmart-gallery-image image-1\" src=\"https:\/\/fersom.mx\/wp-content\/uploads\/2021\/02\/anuncio3d-1-scaled-1200x1000.jpg\" width=\"1200\" height=\"1000\" alt=\"anuncio3d (1)\" title=\"advertisement3d (1)\" \/>\t\t\t\t\t\t\t\t\t\t\t\t\t\t\t\t\n\t\t\t\t\t\t\t\t\n\t\t\t\t\t\t\t\t\t\t\t\t\t\t\t<\/a>\n\t\t\t\t\t\t\t\t\t\t\t\t<\/div>\n\t\t\t\t\t\t\t\t\t\t\t<div class=\"woodmart-gallery-item col-12\">\n\t\t\t\t\t\t\t\t\t\t\t\t\t\t<a href=\"https:\/\/fersom.mx\/wp-content\/uploads\/2021\/02\/imprenta-1-scaled.jpg\" data-elementor-open-lightbox=\"no\" data-index=\"2\" data-width=\"2560\" data-height=\"1766\"  >\n\t\t\t\t\t\t\t\t\t\t\t\t\t\t\t\t\n\t\t\t\t\t\t\t\t\t\t\t\t\t\t\t\t\t<img class=\"woodmart-gallery-image image-2\" src=\"https:\/\/fersom.mx\/wp-content\/uploads\/2021\/02\/imprenta-1-scaled-1200x1000.jpg\" width=\"1200\" height=\"1000\" alt=\"imprenta (1)\" title=\"printing press (1)\" \/>\t\t\t\t\t\t\t\t\t\t\t\t\t\t\t\t\n\t\t\t\t\t\t\t\t\n\t\t\t\t\t\t\t\t\t\t\t\t\t\t\t<\/a>\n\t\t\t\t\t\t\t\t\t\t\t\t<\/div>\n\t\t\t\t\t\t\t\t\t\t\t\t<\/div>\n\t\t<\/div>\n\t\t\t\t<\/div><\/div><\/div><div class=\"wpb_column vc_column_container vc_col-sm-12 vc_col-lg-5 vc_col-md-8 vc_col-xs-12 woodmart-sticky-column\"><div class=\"vc_column-inner vc_custom_1614640277532\"><div class=\"wpb_wrapper\"><p style=\"font-size: 16px;color: #a3a3a3;text-align: left\" class=\"vc_custom_heading vc_custom_1614885641790\" >The best services in:<\/p>\t\t\n\t\t<div id=\"wd-604133158e322\" class=\"title-wrapper  woodmart-title-color-default woodmart-title-style-default woodmart-title-width-100 text-left woodmart-title-size-large vc_custom_1614885651750\">\n\t\t\t\t\t\t\n\t\t\t<div class=\"liner-continer\">\n\t\t\t\t<span class=\"left-line\"><\/span>\n\t\t\t\t<h4 class=\"woodmart-title-container title  woodmart-font-weight-\" >01. Digital Printing<\/h4>\t\t\t\t\t\t\t\t<span class=\"right-line\"><\/span>\n\t\t\t<\/div>\n\t\t\t\n\t\t\t\t\t\t\n\t\t\t\t\t<\/div>\n\t\t\n\t\t\n\t<div class=\"wpb_text_column wpb_content_element vc_custom_1614886974772 text-larger\" >\n\t\t<div class=\"wpb_wrapper\">\n\t\t\t<p><span style=\"color: #000000;\">\u2013 Large Format (Front Canvas, Mesh Canvas, Translucent Canvas, Vinyl, Microperforated in large format).<\/span><\/p>\n<p><span style=\"color: #000000;\">\u2013 Paper (Tabloid Printing, Diptych, Triptych).<\/span><\/p>\n<p><span style=\"color: #000000;\">\u2013 3D ads.<\/span><\/p>\n<p><span style=\"color: #000000;\">\u2013 Offset (Print Printing).<\/span><\/p>\n<p><span style=\"color: #000000;\">If you cannot find the product you are looking for or have questions, send us an email or write to our WhatsApp 56 2392 7870, we will be happy to advise you and help you with whatever you need.<\/span><\/p>\n\n\t\t<\/div>\n\t<\/div>\n<\/div><\/div><\/div><\/div><div class=\"vc_row wpb_row vc_row-fluid vc_row-o-equal-height vc_row-flex\"><div class=\"wpb_column vc_column_container vc_col-sm-12 vc_col-lg-6 vc_col-md-12 vc_col-xs-12 woodmart-sticky-column\"><div class=\"vc_column-inner vc_custom_1614641103239\"><div class=\"wpb_wrapper\"><p style=\"font-size: 16px;color: #a3a3a3;text-align: left\" class=\"vc_custom_heading vc_custom_1614885734891\" >The best in:<\/p>\t\t\n\t\t<div id=\"wd-60413374223b6\" class=\"title-wrapper  woodmart-title-color-default woodmart-title-style-default woodmart-title-width-100 text-left woodmart-title-size-large vc_custom_1614885745346\">\n\t\t\t\t\t\t\n\t\t\t<div class=\"liner-continer\">\n\t\t\t\t<span class=\"left-line\"><\/span>\n\t\t\t\t<h4 class=\"woodmart-title-container title  woodmart-font-weight-\" >02. Infrastructure<\/h4>\t\t\t\t\t\t\t\t<span class=\"right-line\"><\/span>\n\t\t\t<\/div>\n\t\t\t\n\t\t\t\t\t\t\n\t\t\t\t\t<\/div>\n\t\t\n\t\t\n\t<div class=\"wpb_text_column wpb_content_element vc_custom_1614887116506 text-larger\" >\n\t\t<div class=\"wpb_wrapper\">\n\t\t\t<p><span style=\"color: #000000;\">-Projects (Calculation Reports, Plans, Executive Projects and Lighting).<\/span><\/p>\n<p><span style=\"color: #000000;\">-Housing (We develop subdivisions, Housing within your reach, We process your bank credit, Banjercito, Infonavit and Fovissste).<\/span><\/p>\n<p><span style=\"color: #000000;\">-Public Works (We execute highways, roads, bridges, drainage and drinking water).<\/span><\/p>\n<p><span style=\"color: #000000;\">-Renewable Energies (Solar pumping systems, Solar air conditioning, Solar panels).<\/span><\/p>\n<p><span style=\"color: #000000;\">We offer developments planned for comfort and family coexistence. With our support and experience, you can feel confident that you will be acquiring the best investment and peace of mind for your family.<\/span><\/p>\n<div class=\"wpb_text_column wpb_content_element vc_custom_1574075309943\">\n<div class=\"wpb_wrapper\">\n<p><span style=\"color: #000000;\">We know that only through demanding professional ethics and a culture based on quality and sustainability, can we achieve our ultimate goal: <strong>full customer satisfaction.<\/strong><\/span><\/p>\n<\/div>\n<\/div>\n<div class=\"wpb_text_column wpb_content_element vc_custom_1574075344649\">\n<div class=\"wpb_wrapper\">\n<p><span style=\"color: #000000;\"><strong>Our concern for quality and respect for the environment.<\/strong><\/span><\/p>\n<\/div>\n<\/div>\n\n\t\t<\/div>\n\t<\/div>\n<\/div><\/div><\/div><div class=\"wpb_column vc_column_container vc_col-sm-12 vc_col-lg-6 vc_col-md-12 vc_col-xs-12\"><div class=\"vc_column-inner\"><div class=\"wpb_wrapper\">\t\t<div id=\"gallery_594\" class=\"woodmart-images-gallery view-grid photoswipe-images\" >\n\t\t\t<div class=\"gallery-images row woodmart-spacing-2\">\n\t\t\t\t\t\t\t\t\t\t\t\t\t\t\t<div class=\"woodmart-gallery-item col-12\">\n\t\t\t\t\t\t\t\t\t\t\t\t\t\t<a href=\"https:\/\/fersom.mx\/wp-content\/uploads\/2021\/02\/energia-renovable1-1-scaled.jpg\" data-elementor-open-lightbox=\"no\" data-index=\"1\" data-width=\"2560\" data-height=\"1707\"  >\n\t\t\t\t\t\t\t\t\t\t\t\t\t\t\t\t\n\t\t\t\t\t\t\t\t\t\t\t\t\t\t\t\t\t<img class=\"woodmart-gallery-image image-1\" src=\"https:\/\/fersom.mx\/wp-content\/uploads\/2021\/02\/energia-renovable1-1-scaled-1200x1000.jpg\" width=\"1200\" height=\"1000\" alt=\"energia-renovable1 (1)\" title=\"renewable-energy1 (1)\" \/>\t\t\t\t\t\t\t\t\t\t\t\t\t\t\t\t\n\t\t\t\t\t\t\t\t\n\t\t\t\t\t\t\t\t\t\t\t\t\t\t\t<\/a>\n\t\t\t\t\t\t\t\t\t\t\t\t<\/div>\n\t\t\t\t\t\t\t\t\t\t\t<div class=\"woodmart-gallery-item col-12\">\n\t\t\t\t\t\t\t\t\t\t\t\t\t\t<a href=\"https:\/\/fersom.mx\/wp-content\/uploads\/2021\/02\/energia-renovable2-1-scaled.jpg\" data-elementor-open-lightbox=\"no\" data-index=\"2\" data-width=\"2560\" data-height=\"1707\"  >\n\t\t\t\t\t\t\t\t\t\t\t\t\t\t\t\t\n\t\t\t\t\t\t\t\t\t\t\t\t\t\t\t\t\t<img class=\"woodmart-gallery-image image-2\" src=\"https:\/\/fersom.mx\/wp-content\/uploads\/2021\/02\/energia-renovable2-1-scaled-1200x1000.jpg\" width=\"1200\" height=\"1000\" alt=\"energia-renovable2 (1)\" title=\"renewable-energy2 (1)\" \/>\t\t\t\t\t\t\t\t\t\t\t\t\t\t\t\t\n\t\t\t\t\t\t\t\t\n\t\t\t\t\t\t\t\t\t\t\t\t\t\t\t<\/a>\n\t\t\t\t\t\t\t\t\t\t\t\t<\/div>\n\t\t\t\t\t\t\t\t\t\t\t\t<\/div>\n\t\t<\/div>\n\t\t\t\t<\/div><\/div><\/div><\/div>","protected":false},"excerpt":{"rendered":"The best services in: 01. Digital Printing - Large Format (Front Canvas, Mesh Canvas, Translucent Canvas, Vinyl, Micro-perforated in large","protected":false},"author":1,"featured_media":0,"parent":0,"menu_order":0,"comment_status":"closed","ping_status":"closed","template":"","meta":{"spay_email":""},"yoast_head":"<!-- This site is optimized with the Yoast SEO plugin v16.8 - https:\/\/yoast.com\/wordpress\/plugins\/seo\/ -->\n<title>Impresi\u00f3n e infraestructura | Fersom<\/title>\n<meta name=\"description\" content=\"Servicios de Impresi\u00f3n digital e infraestructura: Gran formato, papel, anuncios 3D y m\u00e1s. Proyectos de obra p\u00fablica, energ\u00edas renovables y vivienda.\" \/>\n<meta name=\"robots\" content=\"index, follow, max-snippet:-1, max-image-preview:large, max-video-preview:-1\" \/>\n<link rel=\"canonical\" href=\"https:\/\/fersom.mx\/en\/impresion-e-infraestructura\/\" \/>\n<meta property=\"og:locale\" content=\"en_US\" \/>\n<meta property=\"og:type\" content=\"article\" \/>\n<meta property=\"og:title\" content=\"Impresi\u00f3n e infraestructura | Fersom\" \/>\n<meta property=\"og:description\" content=\"Servicios de Impresi\u00f3n digital e infraestructura: Gran formato, papel, anuncios 3D y m\u00e1s. Proyectos de obra p\u00fablica, energ\u00edas renovables y vivienda.\" \/>\n<meta property=\"og:url\" content=\"https:\/\/fersom.mx\/en\/impresion-e-infraestructura\/\" \/>\n<meta property=\"og:site_name\" content=\"Fersom\" \/>\n<meta property=\"article:publisher\" content=\"https:\/\/www.facebook.com\/fersom.mx\/\" \/>\n<meta property=\"article:modified_time\" content=\"2021-03-25T21:22:11+00:00\" \/>\n<meta name=\"twitter:card\" content=\"summary_large_image\" \/>\n<meta name=\"twitter:label1\" content=\"Est. reading time\" \/>\n\t<meta name=\"twitter:data1\" content=\"3 minutes\" \/>\n<script type=\"application\/ld+json\" class=\"yoast-schema-graph\">{\"@context\":\"https:\/\/schema.org\",\"@graph\":[{\"@type\":\"Organization\",\"@id\":\"https:\/\/fersom.mx\/en\/#organization\",\"name\":\"Fersom\",\"url\":\"https:\/\/fersom.mx\/en\/\",\"sameAs\":[\"https:\/\/www.facebook.com\/fersom.mx\/\"],\"logo\":{\"@type\":\"ImageObject\",\"@id\":\"https:\/\/fersom.mx\/en\/#logo\",\"inLanguage\":\"en-US\",\"url\":\"https:\/\/fersom.mx\/wp-content\/uploads\/2021\/02\/logo-fersom.png\",\"contentUrl\":\"https:\/\/fersom.mx\/wp-content\/uploads\/2021\/02\/logo-fersom.png\",\"width\":300,\"height\":100,\"caption\":\"Fersom\"},\"image\":{\"@id\":\"https:\/\/fersom.mx\/en\/#logo\"}},{\"@type\":\"WebSite\",\"@id\":\"https:\/\/fersom.mx\/en\/#website\",\"url\":\"https:\/\/fersom.mx\/en\/\",\"name\":\"Fersom\",\"description\":\"Comercial el&eacute;ctrica\",\"publisher\":{\"@id\":\"https:\/\/fersom.mx\/en\/#organization\"},\"potentialAction\":[{\"@type\":\"SearchAction\",\"target\":{\"@type\":\"EntryPoint\",\"urlTemplate\":\"https:\/\/fersom.mx\/en\/?s={search_term_string}\"},\"query-input\":\"required name=search_term_string\"}],\"inLanguage\":\"en-US\"},{\"@type\":\"WebPage\",\"@id\":\"https:\/\/fersom.mx\/en\/impresion-e-infraestructura\/#webpage\",\"url\":\"https:\/\/fersom.mx\/en\/impresion-e-infraestructura\/\",\"name\":\"Impresi\\u00f3n e infraestructura | Fersom\",\"isPartOf\":{\"@id\":\"https:\/\/fersom.mx\/en\/#website\"},\"datePublished\":\"2017-07-13T07:19:33+00:00\",\"dateModified\":\"2021-03-25T21:22:11+00:00\",\"description\":\"Servicios de Impresi\\u00f3n digital e infraestructura: Gran formato, papel, anuncios 3D y m\\u00e1s. Proyectos de obra p\\u00fablica, energ\\u00edas renovables y vivienda.\",\"breadcrumb\":{\"@id\":\"https:\/\/fersom.mx\/en\/impresion-e-infraestructura\/#breadcrumb\"},\"inLanguage\":\"en-US\",\"potentialAction\":[{\"@type\":\"ReadAction\",\"target\":[\"https:\/\/fersom.mx\/en\/impresion-e-infraestructura\/\"]}]},{\"@type\":\"BreadcrumbList\",\"@id\":\"https:\/\/fersom.mx\/en\/impresion-e-infraestructura\/#breadcrumb\",\"itemListElement\":[{\"@type\":\"ListItem\",\"position\":1,\"name\":\"Portada\",\"item\":\"https:\/\/fersom.mx\/en\/\"},{\"@type\":\"ListItem\",\"position\":2,\"name\":\"Impresi\\u00f3n e infraestructura\"}]}]}<\/script>\n<!-- \/ Yoast SEO plugin. -->","yoast_head_json":{"title":"Impresi\u00f3n e infraestructura | Fersom","description":"Servicios de Impresi\u00f3n digital e infraestructura: Gran formato, papel, anuncios 3D y m\u00e1s. Proyectos de obra p\u00fablica, energ\u00edas renovables y vivienda.","robots":{"index":"index","follow":"follow","max-snippet":"max-snippet:-1","max-image-preview":"max-image-preview:large","max-video-preview":"max-video-preview:-1"},"canonical":"https:\/\/fersom.mx\/en\/impresion-e-infraestructura\/","og_locale":"en_US","og_type":"article","og_title":"Impresi\u00f3n e infraestructura | Fersom","og_description":"Servicios de Impresi\u00f3n digital e infraestructura: Gran formato, papel, anuncios 3D y m\u00e1s. Proyectos de obra p\u00fablica, energ\u00edas renovables y vivienda.","og_url":"https:\/\/fersom.mx\/en\/impresion-e-infraestructura\/","og_site_name":"Fersom","article_publisher":"https:\/\/www.facebook.com\/fersom.mx\/","article_modified_time":"2021-03-25T21:22:11+00:00","twitter_card":"summary_large_image","twitter_misc":{"Est. reading time":"3 minutes"},"schema":{"@context":"https:\/\/schema.org","@graph":[{"@type":"Organization","@id":"https:\/\/fersom.mx\/en\/#organization","name":"Fersom","url":"https:\/\/fersom.mx\/en\/","sameAs":["https:\/\/www.facebook.com\/fersom.mx\/"],"logo":{"@type":"ImageObject","@id":"https:\/\/fersom.mx\/en\/#logo","inLanguage":"en-US","url":"https:\/\/fersom.mx\/wp-content\/uploads\/2021\/02\/logo-fersom.png","contentUrl":"https:\/\/fersom.mx\/wp-content\/uploads\/2021\/02\/logo-fersom.png","width":300,"height":100,"caption":"Fersom"},"image":{"@id":"https:\/\/fersom.mx\/en\/#logo"}},{"@type":"WebSite","@id":"https:\/\/fersom.mx\/en\/#website","url":"https:\/\/fersom.mx\/en\/","name":"Fersom","description":"Comercial el&eacute;ctrica","publisher":{"@id":"https:\/\/fersom.mx\/en\/#organization"},"potentialAction":[{"@type":"SearchAction","target":{"@type":"EntryPoint","urlTemplate":"https:\/\/fersom.mx\/en\/?s={search_term_string}"},"query-input":"required name=search_term_string"}],"inLanguage":"en-US"},{"@type":"WebPage","@id":"https:\/\/fersom.mx\/en\/impresion-e-infraestructura\/#webpage","url":"https:\/\/fersom.mx\/en\/impresion-e-infraestructura\/","name":"Impresi\u00f3n e infraestructura | Fersom","isPartOf":{"@id":"https:\/\/fersom.mx\/en\/#website"},"datePublished":"2017-07-13T07:19:33+00:00","dateModified":"2021-03-25T21:22:11+00:00","description":"Servicios de Impresi\u00f3n digital e infraestructura: Gran formato, papel, anuncios 3D y m\u00e1s. Proyectos de obra p\u00fablica, energ\u00edas renovables y vivienda.","breadcrumb":{"@id":"https:\/\/fersom.mx\/en\/impresion-e-infraestructura\/#breadcrumb"},"inLanguage":"en-US","potentialAction":[{"@type":"ReadAction","target":["https:\/\/fersom.mx\/en\/impresion-e-infraestructura\/"]}]},{"@type":"BreadcrumbList","@id":"https:\/\/fersom.mx\/en\/impresion-e-infraestructura\/#breadcrumb","itemListElement":[{"@type":"ListItem","position":1,"name":"Portada","item":"https:\/\/fersom.mx\/en\/"},{"@type":"ListItem","position":2,"name":"Impresi\u00f3n e infraestructura"}]}]}},"_links":{"self":[{"href":"https:\/\/fersom.mx\/en\/wp-json\/wp\/v2\/pages\/850"}],"collection":[{"href":"https:\/\/fersom.mx\/en\/wp-json\/wp\/v2\/pages"}],"about":[{"href":"https:\/\/fersom.mx\/en\/wp-json\/wp\/v2\/types\/page"}],"author":[{"embeddable":true,"href":"https:\/\/fersom.mx\/en\/wp-json\/wp\/v2\/users\/1"}],"replies":[{"embeddable":true,"href":"https:\/\/fersom.mx\/en\/wp-json\/wp\/v2\/comments?post=850"}],"version-history":[{"count":31,"href":"https:\/\/fersom.mx\/en\/wp-json\/wp\/v2\/pages\/850\/revisions"}],"predecessor-version":[{"id":7608,"href":"https:\/\/fersom.mx\/en\/wp-json\/wp\/v2\/pages\/850\/revisions\/7608"}],"wp:attachment":[{"href":"https:\/\/fersom.mx\/en\/wp-json\/wp\/v2\/media?parent=850"}],"curies":[{"name":"wp","href":"https:\/\/api.w.org\/{rel}","templated":true}]}}