{"id":1716,"date":"2018-08-02T07:08:25","date_gmt":"2018-08-02T07:08:25","guid":{"rendered":"http:\/\/dummy.xtemos.com\/woodmart\/demos\/?post_type=product&#038;p=1716"},"modified":"2024-03-16T06:19:29","modified_gmt":"2024-03-16T06:19:29","slug":"extension-electrica","status":"publish","type":"product","link":"https:\/\/fersom.mx\/en\/product\/extension-electrica\/","title":{"rendered":"Electric extension"},"content":{"rendered":"","protected":false},"excerpt":{"rendered":"<ul>\n<li><span data-sheets-value=\"{&quot;1&quot;:2,&quot;2&quot;:&quot;Extension electrica uso rudo, 30 M, Calibre 16&quot;}\" data-sheets-userformat=\"{&quot;2&quot;:10497,&quot;3&quot;:{&quot;1&quot;:0,&quot;3&quot;:1},&quot;11&quot;:4,&quot;14&quot;:{&quot;1&quot;:3,&quot;3&quot;:1},&quot;16&quot;:11}\">Heavy duty electrical extension.<\/span><\/li>\n<li><span data-sheets-value=\"{&quot;1&quot;:2,&quot;2&quot;:&quot;Extension electrica uso rudo, 30 M, Calibre 16&quot;}\" data-sheets-userformat=\"{&quot;2&quot;:10497,&quot;3&quot;:{&quot;1&quot;:0,&quot;3&quot;:1},&quot;11&quot;:4,&quot;14&quot;:{&quot;1&quot;:3,&quot;3&quot;:1},&quot;16&quot;:11}\">30M, 16 gauge.<\/span><\/li>\n<li>Mark: <span data-sheets-value=\"{&quot;1&quot;:2,&quot;2&quot;:&quot;Volteck | Truper&quot;}\">Volteck | Truper<\/span><\/li>\n<\/ul>\n<p><span data-sheets-value=\"{&quot;1&quot;:2,&quot;2&quot;:&quot;Ideal para conectar herramientas y equipos con motores el\u00e9ctricos que requieren mayor corriente a energ\u00eda que los aparatos dom\u00e9sticos.&quot;}\" data-sheets-userformat=\"{&quot;2&quot;:10497,&quot;3&quot;:{&quot;1&quot;:0,&quot;3&quot;:1},&quot;11&quot;:4,&quot;14&quot;:{&quot;1&quot;:3,&quot;3&quot;:1},&quot;16&quot;:11}\">Ideal for connecting tools and equipment with electric motors that require more current to energy than household appliances.<\/span><\/p>","protected":false},"featured_media":7108,"comment_status":"open","ping_status":"closed","template":"","meta":{"spay_email":""},"yoast_head":"<!-- This site is optimized with the Yoast SEO plugin v16.8 - https:\/\/yoast.com\/wordpress\/plugins\/seo\/ -->\n<title>Extensi\u00f3n el\u00e9ctrica | Fersom<\/title>\n<meta name=\"robots\" content=\"index, follow, max-snippet:-1, max-image-preview:large, max-video-preview:-1\" \/>\n<link rel=\"canonical\" href=\"https:\/\/fersom.mx\/en\/product\/extension-electrica\/\" \/>\n<meta property=\"og:locale\" content=\"en_US\" \/>\n<meta property=\"og:type\" content=\"article\" \/>\n<meta property=\"og:title\" content=\"Extensi\u00f3n el\u00e9ctrica | Fersom\" \/>\n<meta property=\"og:description\" content=\"Extension electrica uso rudo.  30 M, Calibre 16.  Marca: Volteck | Truper  Ideal para conectar herramientas y equipos con motores el\u00e9ctricos que requieren mayor corriente a energ\u00eda que los aparatos dom\u00e9sticos.\" \/>\n<meta property=\"og:url\" content=\"https:\/\/fersom.mx\/en\/product\/extension-electrica\/\" \/>\n<meta property=\"og:site_name\" content=\"Fersom\" \/>\n<meta property=\"article:publisher\" content=\"https:\/\/www.facebook.com\/fersom.mx\/\" \/>\n<meta property=\"article:modified_time\" content=\"2024-03-16T06:19:29+00:00\" \/>\n<meta property=\"og:image\" content=\"https:\/\/fersom.mx\/wp-content\/uploads\/2018\/08\/extension-electrica.png\" \/>\n\t<meta property=\"og:image:width\" content=\"800\" \/>\n\t<meta property=\"og:image:height\" content=\"930\" \/>\n<meta name=\"twitter:card\" content=\"summary_large_image\" \/>\n<script type=\"application\/ld+json\" class=\"yoast-schema-graph\">{\"@context\":\"https:\/\/schema.org\",\"@graph\":[{\"@type\":\"Organization\",\"@id\":\"https:\/\/fersom.mx\/en\/#organization\",\"name\":\"Fersom\",\"url\":\"https:\/\/fersom.mx\/en\/\",\"sameAs\":[\"https:\/\/www.facebook.com\/fersom.mx\/\"],\"logo\":{\"@type\":\"ImageObject\",\"@id\":\"https:\/\/fersom.mx\/en\/#logo\",\"inLanguage\":\"en-US\",\"url\":\"https:\/\/fersom.mx\/wp-content\/uploads\/2021\/02\/logo-fersom.png\",\"contentUrl\":\"https:\/\/fersom.mx\/wp-content\/uploads\/2021\/02\/logo-fersom.png\",\"width\":300,\"height\":100,\"caption\":\"Fersom\"},\"image\":{\"@id\":\"https:\/\/fersom.mx\/en\/#logo\"}},{\"@type\":\"WebSite\",\"@id\":\"https:\/\/fersom.mx\/en\/#website\",\"url\":\"https:\/\/fersom.mx\/en\/\",\"name\":\"Fersom\",\"description\":\"Comercial el&eacute;ctrica\",\"publisher\":{\"@id\":\"https:\/\/fersom.mx\/en\/#organization\"},\"potentialAction\":[{\"@type\":\"SearchAction\",\"target\":{\"@type\":\"EntryPoint\",\"urlTemplate\":\"https:\/\/fersom.mx\/en\/?s={search_term_string}\"},\"query-input\":\"required name=search_term_string\"}],\"inLanguage\":\"en-US\"},{\"@type\":\"ImageObject\",\"@id\":\"https:\/\/fersom.mx\/en\/product\/extension-electrica\/#primaryimage\",\"inLanguage\":\"en-US\",\"url\":\"https:\/\/fersom.mx\/wp-content\/uploads\/2018\/08\/extension-electrica.png\",\"contentUrl\":\"https:\/\/fersom.mx\/wp-content\/uploads\/2018\/08\/extension-electrica.png\",\"width\":800,\"height\":930},{\"@type\":\"WebPage\",\"@id\":\"https:\/\/fersom.mx\/en\/product\/extension-electrica\/#webpage\",\"url\":\"https:\/\/fersom.mx\/en\/product\/extension-electrica\/\",\"name\":\"Extensi\\u00f3n el\\u00e9ctrica | Fersom\",\"isPartOf\":{\"@id\":\"https:\/\/fersom.mx\/en\/#website\"},\"primaryImageOfPage\":{\"@id\":\"https:\/\/fersom.mx\/en\/product\/extension-electrica\/#primaryimage\"},\"datePublished\":\"2018-08-02T07:08:25+00:00\",\"dateModified\":\"2024-03-16T06:19:29+00:00\",\"breadcrumb\":{\"@id\":\"https:\/\/fersom.mx\/en\/product\/extension-electrica\/#breadcrumb\"},\"inLanguage\":\"en-US\",\"potentialAction\":[{\"@type\":\"ReadAction\",\"target\":[\"https:\/\/fersom.mx\/en\/product\/extension-electrica\/\"]}]},{\"@type\":\"BreadcrumbList\",\"@id\":\"https:\/\/fersom.mx\/en\/product\/extension-electrica\/#breadcrumb\",\"itemListElement\":[{\"@type\":\"ListItem\",\"position\":1,\"name\":\"Portada\",\"item\":\"https:\/\/fersom.mx\/en\/\"},{\"@type\":\"ListItem\",\"position\":2,\"name\":\"Tienda\",\"item\":\"https:\/\/fersom.mx\/en\/tienda\/\"},{\"@type\":\"ListItem\",\"position\":3,\"name\":\"Extensi\\u00f3n el\\u00e9ctrica\"}]}]}<\/script>\n<!-- \/ Yoast SEO plugin. -->","yoast_head_json":{"title":"Extensi\u00f3n el\u00e9ctrica | Fersom","robots":{"index":"index","follow":"follow","max-snippet":"max-snippet:-1","max-image-preview":"max-image-preview:large","max-video-preview":"max-video-preview:-1"},"canonical":"https:\/\/fersom.mx\/en\/product\/extension-electrica\/","og_locale":"en_US","og_type":"article","og_title":"Extensi\u00f3n el\u00e9ctrica | Fersom","og_description":"Extension electrica uso rudo.  30 M, Calibre 16.  Marca: Volteck | Truper  Ideal para conectar herramientas y equipos con motores el\u00e9ctricos que requieren mayor corriente a energ\u00eda que los aparatos dom\u00e9sticos.","og_url":"https:\/\/fersom.mx\/en\/product\/extension-electrica\/","og_site_name":"Fersom","article_publisher":"https:\/\/www.facebook.com\/fersom.mx\/","article_modified_time":"2024-03-16T06:19:29+00:00","og_image":[{"width":800,"height":930,"url":"https:\/\/fersom.mx\/wp-content\/uploads\/2018\/08\/extension-electrica.png","path":"\/home\/plzagpnuelbj\/public_html\/fersom.mx\/wp-content\/uploads\/2018\/08\/extension-electrica.png","size":"full","id":7108,"alt":"","pixels":744000,"type":"image\/png"}],"twitter_card":"summary_large_image","schema":{"@context":"https:\/\/schema.org","@graph":[{"@type":"Organization","@id":"https:\/\/fersom.mx\/en\/#organization","name":"Fersom","url":"https:\/\/fersom.mx\/en\/","sameAs":["https:\/\/www.facebook.com\/fersom.mx\/"],"logo":{"@type":"ImageObject","@id":"https:\/\/fersom.mx\/en\/#logo","inLanguage":"en-US","url":"https:\/\/fersom.mx\/wp-content\/uploads\/2021\/02\/logo-fersom.png","contentUrl":"https:\/\/fersom.mx\/wp-content\/uploads\/2021\/02\/logo-fersom.png","width":300,"height":100,"caption":"Fersom"},"image":{"@id":"https:\/\/fersom.mx\/en\/#logo"}},{"@type":"WebSite","@id":"https:\/\/fersom.mx\/en\/#website","url":"https:\/\/fersom.mx\/en\/","name":"Fersom","description":"Comercial el&eacute;ctrica","publisher":{"@id":"https:\/\/fersom.mx\/en\/#organization"},"potentialAction":[{"@type":"SearchAction","target":{"@type":"EntryPoint","urlTemplate":"https:\/\/fersom.mx\/en\/?s={search_term_string}"},"query-input":"required name=search_term_string"}],"inLanguage":"en-US"},{"@type":"ImageObject","@id":"https:\/\/fersom.mx\/en\/product\/extension-electrica\/#primaryimage","inLanguage":"en-US","url":"https:\/\/fersom.mx\/wp-content\/uploads\/2018\/08\/extension-electrica.png","contentUrl":"https:\/\/fersom.mx\/wp-content\/uploads\/2018\/08\/extension-electrica.png","width":800,"height":930},{"@type":"WebPage","@id":"https:\/\/fersom.mx\/en\/product\/extension-electrica\/#webpage","url":"https:\/\/fersom.mx\/en\/product\/extension-electrica\/","name":"Extensi\u00f3n el\u00e9ctrica | Fersom","isPartOf":{"@id":"https:\/\/fersom.mx\/en\/#website"},"primaryImageOfPage":{"@id":"https:\/\/fersom.mx\/en\/product\/extension-electrica\/#primaryimage"},"datePublished":"2018-08-02T07:08:25+00:00","dateModified":"2024-03-16T06:19:29+00:00","breadcrumb":{"@id":"https:\/\/fersom.mx\/en\/product\/extension-electrica\/#breadcrumb"},"inLanguage":"en-US","potentialAction":[{"@type":"ReadAction","target":["https:\/\/fersom.mx\/en\/product\/extension-electrica\/"]}]},{"@type":"BreadcrumbList","@id":"https:\/\/fersom.mx\/en\/product\/extension-electrica\/#breadcrumb","itemListElement":[{"@type":"ListItem","position":1,"name":"Portada","item":"https:\/\/fersom.mx\/en\/"},{"@type":"ListItem","position":2,"name":"Tienda","item":"https:\/\/fersom.mx\/en\/tienda\/"},{"@type":"ListItem","position":3,"name":"Extensi\u00f3n el\u00e9ctrica"}]}]}},"_links":{"self":[{"href":"https:\/\/fersom.mx\/en\/wp-json\/wp\/v2\/product\/1716"}],"collection":[{"href":"https:\/\/fersom.mx\/en\/wp-json\/wp\/v2\/product"}],"about":[{"href":"https:\/\/fersom.mx\/en\/wp-json\/wp\/v2\/types\/product"}],"replies":[{"embeddable":true,"href":"https:\/\/fersom.mx\/en\/wp-json\/wp\/v2\/comments?post=1716"}],"wp:featuredmedia":[{"embeddable":true,"href":"https:\/\/fersom.mx\/en\/wp-json\/wp\/v2\/media\/7108"}],"wp:attachment":[{"href":"https:\/\/fersom.mx\/en\/wp-json\/wp\/v2\/media?parent=1716"}],"curies":[{"name":"wp","href":"https:\/\/api.w.org\/{rel}","templated":true}]}}