{"id":7496,"date":"2021-03-02T20:02:17","date_gmt":"2021-03-02T20:02:17","guid":{"rendered":"https:\/\/fersom.mx\/?post_type=product&#038;p=7496"},"modified":"2026-02-02T22:28:28","modified_gmt":"2026-02-02T22:28:28","slug":"focos-led-inteligentes","status":"publish","type":"product","link":"https:\/\/fersom.mx\/en\/product\/focos-led-inteligentes\/","title":{"rendered":"Smart LED spotlights"},"content":{"rendered":"","protected":false},"excerpt":{"rendered":"<ul>\n<li><span data-sheets-value=\"{&quot;1&quot;:2,&quot;2&quot;:&quot;Kit 2 focos LED inteligentes, 11.5 W, Luz blanca din\u00e1mica , Base E27, Wifi&quot;}\" data-sheets-userformat=\"{&quot;2&quot;:10497,&quot;3&quot;:{&quot;1&quot;:0,&quot;3&quot;:1},&quot;11&quot;:4,&quot;14&quot;:{&quot;1&quot;:3,&quot;3&quot;:1},&quot;16&quot;:11}\">Kit 2 smart LED spotlights.<\/span><\/li>\n<li><span data-sheets-value=\"{&quot;1&quot;:2,&quot;2&quot;:&quot;Kit 2 focos LED inteligentes, 11.5 W, Luz blanca din\u00e1mica , Base E27, Wifi&quot;}\" data-sheets-userformat=\"{&quot;2&quot;:10497,&quot;3&quot;:{&quot;1&quot;:0,&quot;3&quot;:1},&quot;11&quot;:4,&quot;14&quot;:{&quot;1&quot;:3,&quot;3&quot;:1},&quot;16&quot;:11}\">11.5 W, dynamic white light.<\/span><\/li>\n<li><span data-sheets-value=\"{&quot;1&quot;:2,&quot;2&quot;:&quot;Kit 2 focos LED inteligentes, 11.5 W, Luz blanca din\u00e1mica , Base E27, Wifi&quot;}\" data-sheets-userformat=\"{&quot;2&quot;:10497,&quot;3&quot;:{&quot;1&quot;:0,&quot;3&quot;:1},&quot;11&quot;:4,&quot;14&quot;:{&quot;1&quot;:3,&quot;3&quot;:1},&quot;16&quot;:11}\"> E27 base, Wifi<\/span><\/li>\n<li>Mark: <span data-sheets-value=\"{&quot;1&quot;:2,&quot;2&quot;:&quot;Tecnolite Conect&quot;}\">Tecnolite Connect<\/span><\/li>\n<\/ul>\n<p><span data-sheets-value=\"{&quot;1&quot;:2,&quot;2&quot;:&quot;MOMENTO DE BRILLAR M\u00c1S QUE OTROS. OBTEN UNA MEJOR EFICACIA, ESTILO Y PERSONALIZACI\u00d3N CON LA ILUMINACI\u00d3N LED.&quot;}\" data-sheets-userformat=\"{&quot;2&quot;:10497,&quot;3&quot;:{&quot;1&quot;:0,&quot;3&quot;:1},&quot;11&quot;:4,&quot;14&quot;:{&quot;1&quot;:3,&quot;3&quot;:1},&quot;16&quot;:11}\">Time to shine brighter than others, get better efficiency, style and customization with LED lighting.<\/span><\/p>","protected":false},"featured_media":7497,"comment_status":"open","ping_status":"closed","template":"","meta":{"spay_email":""},"yoast_head":"<!-- This site is optimized with the Yoast SEO plugin v16.8 - https:\/\/yoast.com\/wordpress\/plugins\/seo\/ -->\n<title>Focos LED inteligentes | Fersom<\/title>\n<meta name=\"robots\" content=\"index, follow, max-snippet:-1, max-image-preview:large, max-video-preview:-1\" \/>\n<link rel=\"canonical\" href=\"https:\/\/fersom.mx\/en\/product\/focos-led-inteligentes\/\" \/>\n<meta property=\"og:locale\" content=\"en_US\" \/>\n<meta property=\"og:type\" content=\"article\" \/>\n<meta property=\"og:title\" content=\"Focos LED inteligentes | Fersom\" \/>\n<meta property=\"og:description\" content=\"Kit 2 focos LED inteligentes.  11.5 W, Luz blanca din\u00e1mica.   Base E27, Wifi  Marca: Tecnolite Conect  Momento de brillar m\u00e1s que otros, obt\u00e9n una mejor eficacia, estilo y personalizaci\u00f3n con la iluminaci\u00f3n LED.\" \/>\n<meta property=\"og:url\" content=\"https:\/\/fersom.mx\/en\/product\/focos-led-inteligentes\/\" \/>\n<meta property=\"og:site_name\" content=\"Fersom\" \/>\n<meta property=\"article:publisher\" content=\"https:\/\/www.facebook.com\/fersom.mx\/\" \/>\n<meta property=\"article:modified_time\" content=\"2026-02-02T22:28:28+00:00\" \/>\n<meta property=\"og:image\" content=\"https:\/\/fersom.mx\/wp-content\/uploads\/2021\/03\/2-focos-LED-inteligentes.png\" \/>\n\t<meta property=\"og:image:width\" content=\"800\" \/>\n\t<meta property=\"og:image:height\" content=\"930\" \/>\n<meta name=\"twitter:card\" content=\"summary_large_image\" \/>\n<script type=\"application\/ld+json\" class=\"yoast-schema-graph\">{\"@context\":\"https:\/\/schema.org\",\"@graph\":[{\"@type\":\"Organization\",\"@id\":\"https:\/\/fersom.mx\/en\/#organization\",\"name\":\"Fersom\",\"url\":\"https:\/\/fersom.mx\/en\/\",\"sameAs\":[\"https:\/\/www.facebook.com\/fersom.mx\/\"],\"logo\":{\"@type\":\"ImageObject\",\"@id\":\"https:\/\/fersom.mx\/en\/#logo\",\"inLanguage\":\"en-US\",\"url\":\"https:\/\/fersom.mx\/wp-content\/uploads\/2021\/02\/logo-fersom.png\",\"contentUrl\":\"https:\/\/fersom.mx\/wp-content\/uploads\/2021\/02\/logo-fersom.png\",\"width\":300,\"height\":100,\"caption\":\"Fersom\"},\"image\":{\"@id\":\"https:\/\/fersom.mx\/en\/#logo\"}},{\"@type\":\"WebSite\",\"@id\":\"https:\/\/fersom.mx\/en\/#website\",\"url\":\"https:\/\/fersom.mx\/en\/\",\"name\":\"Fersom\",\"description\":\"Comercial el&eacute;ctrica\",\"publisher\":{\"@id\":\"https:\/\/fersom.mx\/en\/#organization\"},\"potentialAction\":[{\"@type\":\"SearchAction\",\"target\":{\"@type\":\"EntryPoint\",\"urlTemplate\":\"https:\/\/fersom.mx\/en\/?s={search_term_string}\"},\"query-input\":\"required name=search_term_string\"}],\"inLanguage\":\"en-US\"},{\"@type\":\"ImageObject\",\"@id\":\"https:\/\/fersom.mx\/en\/product\/focos-led-inteligentes\/#primaryimage\",\"inLanguage\":\"en-US\",\"url\":\"https:\/\/fersom.mx\/wp-content\/uploads\/2021\/03\/2-focos-LED-inteligentes.png\",\"contentUrl\":\"https:\/\/fersom.mx\/wp-content\/uploads\/2021\/03\/2-focos-LED-inteligentes.png\",\"width\":800,\"height\":930},{\"@type\":\"WebPage\",\"@id\":\"https:\/\/fersom.mx\/en\/product\/focos-led-inteligentes\/#webpage\",\"url\":\"https:\/\/fersom.mx\/en\/product\/focos-led-inteligentes\/\",\"name\":\"Focos LED inteligentes | Fersom\",\"isPartOf\":{\"@id\":\"https:\/\/fersom.mx\/en\/#website\"},\"primaryImageOfPage\":{\"@id\":\"https:\/\/fersom.mx\/en\/product\/focos-led-inteligentes\/#primaryimage\"},\"datePublished\":\"2021-03-02T20:02:17+00:00\",\"dateModified\":\"2026-02-02T22:28:28+00:00\",\"breadcrumb\":{\"@id\":\"https:\/\/fersom.mx\/en\/product\/focos-led-inteligentes\/#breadcrumb\"},\"inLanguage\":\"en-US\",\"potentialAction\":[{\"@type\":\"ReadAction\",\"target\":[\"https:\/\/fersom.mx\/en\/product\/focos-led-inteligentes\/\"]}]},{\"@type\":\"BreadcrumbList\",\"@id\":\"https:\/\/fersom.mx\/en\/product\/focos-led-inteligentes\/#breadcrumb\",\"itemListElement\":[{\"@type\":\"ListItem\",\"position\":1,\"name\":\"Portada\",\"item\":\"https:\/\/fersom.mx\/en\/\"},{\"@type\":\"ListItem\",\"position\":2,\"name\":\"Tienda\",\"item\":\"https:\/\/fersom.mx\/en\/tienda\/\"},{\"@type\":\"ListItem\",\"position\":3,\"name\":\"Focos LED inteligentes\"}]}]}<\/script>\n<!-- \/ Yoast SEO plugin. -->","yoast_head_json":{"title":"Focos LED inteligentes | Fersom","robots":{"index":"index","follow":"follow","max-snippet":"max-snippet:-1","max-image-preview":"max-image-preview:large","max-video-preview":"max-video-preview:-1"},"canonical":"https:\/\/fersom.mx\/en\/product\/focos-led-inteligentes\/","og_locale":"en_US","og_type":"article","og_title":"Focos LED inteligentes | Fersom","og_description":"Kit 2 focos LED inteligentes.  11.5 W, Luz blanca din\u00e1mica.   Base E27, Wifi  Marca: Tecnolite Conect  Momento de brillar m\u00e1s que otros, obt\u00e9n una mejor eficacia, estilo y personalizaci\u00f3n con la iluminaci\u00f3n LED.","og_url":"https:\/\/fersom.mx\/en\/product\/focos-led-inteligentes\/","og_site_name":"Fersom","article_publisher":"https:\/\/www.facebook.com\/fersom.mx\/","article_modified_time":"2026-02-02T22:28:28+00:00","og_image":[{"width":800,"height":930,"url":"https:\/\/fersom.mx\/wp-content\/uploads\/2021\/03\/2-focos-LED-inteligentes.png","path":"\/home\/plzagpnuelbj\/public_html\/fersom.mx\/wp-content\/uploads\/2021\/03\/2-focos-LED-inteligentes.png","size":"full","id":7497,"alt":"","pixels":744000,"type":"image\/png"}],"twitter_card":"summary_large_image","schema":{"@context":"https:\/\/schema.org","@graph":[{"@type":"Organization","@id":"https:\/\/fersom.mx\/en\/#organization","name":"Fersom","url":"https:\/\/fersom.mx\/en\/","sameAs":["https:\/\/www.facebook.com\/fersom.mx\/"],"logo":{"@type":"ImageObject","@id":"https:\/\/fersom.mx\/en\/#logo","inLanguage":"en-US","url":"https:\/\/fersom.mx\/wp-content\/uploads\/2021\/02\/logo-fersom.png","contentUrl":"https:\/\/fersom.mx\/wp-content\/uploads\/2021\/02\/logo-fersom.png","width":300,"height":100,"caption":"Fersom"},"image":{"@id":"https:\/\/fersom.mx\/en\/#logo"}},{"@type":"WebSite","@id":"https:\/\/fersom.mx\/en\/#website","url":"https:\/\/fersom.mx\/en\/","name":"Fersom","description":"Comercial el&eacute;ctrica","publisher":{"@id":"https:\/\/fersom.mx\/en\/#organization"},"potentialAction":[{"@type":"SearchAction","target":{"@type":"EntryPoint","urlTemplate":"https:\/\/fersom.mx\/en\/?s={search_term_string}"},"query-input":"required name=search_term_string"}],"inLanguage":"en-US"},{"@type":"ImageObject","@id":"https:\/\/fersom.mx\/en\/product\/focos-led-inteligentes\/#primaryimage","inLanguage":"en-US","url":"https:\/\/fersom.mx\/wp-content\/uploads\/2021\/03\/2-focos-LED-inteligentes.png","contentUrl":"https:\/\/fersom.mx\/wp-content\/uploads\/2021\/03\/2-focos-LED-inteligentes.png","width":800,"height":930},{"@type":"WebPage","@id":"https:\/\/fersom.mx\/en\/product\/focos-led-inteligentes\/#webpage","url":"https:\/\/fersom.mx\/en\/product\/focos-led-inteligentes\/","name":"Focos LED inteligentes | Fersom","isPartOf":{"@id":"https:\/\/fersom.mx\/en\/#website"},"primaryImageOfPage":{"@id":"https:\/\/fersom.mx\/en\/product\/focos-led-inteligentes\/#primaryimage"},"datePublished":"2021-03-02T20:02:17+00:00","dateModified":"2026-02-02T22:28:28+00:00","breadcrumb":{"@id":"https:\/\/fersom.mx\/en\/product\/focos-led-inteligentes\/#breadcrumb"},"inLanguage":"en-US","potentialAction":[{"@type":"ReadAction","target":["https:\/\/fersom.mx\/en\/product\/focos-led-inteligentes\/"]}]},{"@type":"BreadcrumbList","@id":"https:\/\/fersom.mx\/en\/product\/focos-led-inteligentes\/#breadcrumb","itemListElement":[{"@type":"ListItem","position":1,"name":"Portada","item":"https:\/\/fersom.mx\/en\/"},{"@type":"ListItem","position":2,"name":"Tienda","item":"https:\/\/fersom.mx\/en\/tienda\/"},{"@type":"ListItem","position":3,"name":"Focos LED inteligentes"}]}]}},"_links":{"self":[{"href":"https:\/\/fersom.mx\/en\/wp-json\/wp\/v2\/product\/7496"}],"collection":[{"href":"https:\/\/fersom.mx\/en\/wp-json\/wp\/v2\/product"}],"about":[{"href":"https:\/\/fersom.mx\/en\/wp-json\/wp\/v2\/types\/product"}],"replies":[{"embeddable":true,"href":"https:\/\/fersom.mx\/en\/wp-json\/wp\/v2\/comments?post=7496"}],"wp:featuredmedia":[{"embeddable":true,"href":"https:\/\/fersom.mx\/en\/wp-json\/wp\/v2\/media\/7497"}],"wp:attachment":[{"href":"https:\/\/fersom.mx\/en\/wp-json\/wp\/v2\/media?parent=7496"}],"curies":[{"name":"wp","href":"https:\/\/api.w.org\/{rel}","templated":true}]}}