{"id":7626,"date":"2022-09-22T17:04:19","date_gmt":"2022-09-22T17:04:19","guid":{"rendered":"https:\/\/fersom.mx\/?post_type=product&#038;p=7626"},"modified":"2025-07-09T04:04:28","modified_gmt":"2025-07-09T04:04:28","slug":"foco-led-8-5-w-luz-suave-calida-base-e27-hidrus-i","status":"publish","type":"product","link":"https:\/\/fersom.mx\/en\/product\/foco-led-8-5-w-luz-suave-calida-base-e27-hidrus-i\/","title":{"rendered":"LED SPOTLIGHT, 8.5 W, WARM SOFT LIGHT, E27 HIDRUS I BASE"},"content":{"rendered":"<p>The light bulb you choose can be as impactful as the lamp itself. Our LED bulb category contains a wide range of applications and unique features, such as dimmable LED bulbs, smart bulbs, different color temperatures and bases. Additionally, if your bulbs are going to be exposed or visible, you can choose from different shaped bulbs, such as candle bulbs, globe bulbs, vintage bulbs, and even geometric styles to create unique effects with your lighting. Create a stunning lighting piece from the spotlight.<\/p>\n<p>With a wide variety of bulbs varying in wattage and lumen count, you can choose a desired grade of light source that is specific to your needs and compatible with your sockets\/bases and lamps.<\/p>\n<p>LED technology: you will find a more compact and efficient design thanks to the integration of LED chips. Generates up to 90% savings in electrical energy consumption.<\/p>\n<p><strong>MAIN FEATURES<\/strong><\/p>\n<ul>\n<li>Led technology.<\/li>\n<li>E27 Base, A19 Bulb.<\/li>\n<li>Opening angle of 220\u00b0.<\/li>\n<li>CRI of 80.<\/li>\n<li>Does not generate heat.<\/li>\n<li>Does not emit UV rays.<\/li>\n<li>8.5 W, Warm Soft Light, Non-dimmable.<\/li>\n<\/ul>","protected":false},"excerpt":{"rendered":"<p>The focus you choose can be as impressive as the lamp itself. Our category of LED spotlights contains a wide<\/p>","protected":false},"featured_media":7627,"comment_status":"open","ping_status":"closed","template":"","meta":{"spay_email":""},"yoast_head":"<!-- This site is optimized with the Yoast SEO plugin v16.8 - https:\/\/yoast.com\/wordpress\/plugins\/seo\/ -->\n<title>FOCO LED, 8.5 W, LUZ SUAVE C\u00c1LIDA, BASE E27 HIDRUS I | Fersom<\/title>\n<meta name=\"description\" content=\"El foco que elijas puede ser tan impactante como la propia l\u00e1mpara. Nuestra categor\u00eda de focos LED contiene una amplia gama de aplicaciones y caracter\u00edsticas \u00fanicas, como focos LED regulables, focos inteligentes, distintas temperaturas de color y bases. Adem\u00e1s, si tus focos van a estar expuestas o visibles, puedes elegir entre focos de diferentes formas, como focos tipo vela, focos de globo, focos vintage e incluso estilos geom\u00e9tricos para crear efectos \u00fanicos con su iluminaci\u00f3n. Crea una pieza de iluminaci\u00f3n impresionante desde el foco.\" \/>\n<meta name=\"robots\" content=\"index, follow, max-snippet:-1, max-image-preview:large, max-video-preview:-1\" \/>\n<link rel=\"canonical\" href=\"https:\/\/fersom.mx\/en\/product\/foco-led-8-5-w-luz-suave-calida-base-e27-hidrus-i\/\" \/>\n<meta property=\"og:locale\" content=\"en_US\" \/>\n<meta property=\"og:type\" content=\"article\" \/>\n<meta property=\"og:title\" content=\"FOCO LED, 8.5 W, LUZ SUAVE C\u00c1LIDA, BASE E27 HIDRUS I | Fersom\" \/>\n<meta property=\"og:description\" content=\"El foco que elijas puede ser tan impactante como la propia l\u00e1mpara. Nuestra categor\u00eda de focos LED contiene una amplia gama de aplicaciones y caracter\u00edsticas \u00fanicas, como focos LED regulables, focos inteligentes, distintas temperaturas de color y bases. Adem\u00e1s, si tus focos van a estar expuestas o visibles, puedes elegir entre focos de diferentes formas, como focos tipo vela, focos de globo, focos vintage e incluso estilos geom\u00e9tricos para crear efectos \u00fanicos con su iluminaci\u00f3n. Crea una pieza de iluminaci\u00f3n impresionante desde el foco.\" \/>\n<meta property=\"og:url\" content=\"https:\/\/fersom.mx\/en\/product\/foco-led-8-5-w-luz-suave-calida-base-e27-hidrus-i\/\" \/>\n<meta property=\"og:site_name\" content=\"Fersom\" \/>\n<meta property=\"article:publisher\" content=\"https:\/\/www.facebook.com\/fersom.mx\/\" \/>\n<meta property=\"article:modified_time\" content=\"2025-07-09T04:04:28+00:00\" \/>\n<meta property=\"og:image\" content=\"https:\/\/fersom.mx\/wp-content\/uploads\/2022\/09\/A19-LED-010-30-MAIN.jpg\" \/>\n\t<meta property=\"og:image:width\" content=\"1200\" \/>\n\t<meta property=\"og:image:height\" content=\"1200\" \/>\n<meta name=\"twitter:card\" content=\"summary_large_image\" \/>\n<meta name=\"twitter:label1\" content=\"Est. reading time\" \/>\n\t<meta name=\"twitter:data1\" content=\"1 minute\" \/>\n<script type=\"application\/ld+json\" class=\"yoast-schema-graph\">{\"@context\":\"https:\/\/schema.org\",\"@graph\":[{\"@type\":\"Organization\",\"@id\":\"https:\/\/fersom.mx\/en\/#organization\",\"name\":\"Fersom\",\"url\":\"https:\/\/fersom.mx\/en\/\",\"sameAs\":[\"https:\/\/www.facebook.com\/fersom.mx\/\"],\"logo\":{\"@type\":\"ImageObject\",\"@id\":\"https:\/\/fersom.mx\/en\/#logo\",\"inLanguage\":\"en-US\",\"url\":\"https:\/\/fersom.mx\/wp-content\/uploads\/2021\/02\/logo-fersom.png\",\"contentUrl\":\"https:\/\/fersom.mx\/wp-content\/uploads\/2021\/02\/logo-fersom.png\",\"width\":300,\"height\":100,\"caption\":\"Fersom\"},\"image\":{\"@id\":\"https:\/\/fersom.mx\/en\/#logo\"}},{\"@type\":\"WebSite\",\"@id\":\"https:\/\/fersom.mx\/en\/#website\",\"url\":\"https:\/\/fersom.mx\/en\/\",\"name\":\"Fersom\",\"description\":\"Comercial el&eacute;ctrica\",\"publisher\":{\"@id\":\"https:\/\/fersom.mx\/en\/#organization\"},\"potentialAction\":[{\"@type\":\"SearchAction\",\"target\":{\"@type\":\"EntryPoint\",\"urlTemplate\":\"https:\/\/fersom.mx\/en\/?s={search_term_string}\"},\"query-input\":\"required name=search_term_string\"}],\"inLanguage\":\"en-US\"},{\"@type\":\"ImageObject\",\"@id\":\"https:\/\/fersom.mx\/en\/product\/foco-led-8-5-w-luz-suave-calida-base-e27-hidrus-i\/#primaryimage\",\"inLanguage\":\"en-US\",\"url\":\"https:\/\/fersom.mx\/wp-content\/uploads\/2022\/09\/A19-LED-010-30-MAIN.jpg\",\"contentUrl\":\"https:\/\/fersom.mx\/wp-content\/uploads\/2022\/09\/A19-LED-010-30-MAIN.jpg\",\"width\":1200,\"height\":1200},{\"@type\":\"WebPage\",\"@id\":\"https:\/\/fersom.mx\/en\/product\/foco-led-8-5-w-luz-suave-calida-base-e27-hidrus-i\/#webpage\",\"url\":\"https:\/\/fersom.mx\/en\/product\/foco-led-8-5-w-luz-suave-calida-base-e27-hidrus-i\/\",\"name\":\"FOCO LED, 8.5 W, LUZ SUAVE C\\u00c1LIDA, BASE E27 HIDRUS I | Fersom\",\"isPartOf\":{\"@id\":\"https:\/\/fersom.mx\/en\/#website\"},\"primaryImageOfPage\":{\"@id\":\"https:\/\/fersom.mx\/en\/product\/foco-led-8-5-w-luz-suave-calida-base-e27-hidrus-i\/#primaryimage\"},\"datePublished\":\"2022-09-22T17:04:19+00:00\",\"dateModified\":\"2025-07-09T04:04:28+00:00\",\"description\":\"El foco que elijas puede ser tan impactante como la propia l\\u00e1mpara. Nuestra categor\\u00eda de focos LED contiene una amplia gama de aplicaciones y caracter\\u00edsticas \\u00fanicas, como focos LED regulables, focos inteligentes, distintas temperaturas de color y bases. Adem\\u00e1s, si tus focos van a estar expuestas o visibles, puedes elegir entre focos de diferentes formas, como focos tipo vela, focos de globo, focos vintage e incluso estilos geom\\u00e9tricos para crear efectos \\u00fanicos con su iluminaci\\u00f3n. Crea una pieza de iluminaci\\u00f3n impresionante desde el foco.\",\"breadcrumb\":{\"@id\":\"https:\/\/fersom.mx\/en\/product\/foco-led-8-5-w-luz-suave-calida-base-e27-hidrus-i\/#breadcrumb\"},\"inLanguage\":\"en-US\",\"potentialAction\":[{\"@type\":\"ReadAction\",\"target\":[\"https:\/\/fersom.mx\/en\/product\/foco-led-8-5-w-luz-suave-calida-base-e27-hidrus-i\/\"]}]},{\"@type\":\"BreadcrumbList\",\"@id\":\"https:\/\/fersom.mx\/en\/product\/foco-led-8-5-w-luz-suave-calida-base-e27-hidrus-i\/#breadcrumb\",\"itemListElement\":[{\"@type\":\"ListItem\",\"position\":1,\"name\":\"Portada\",\"item\":\"https:\/\/fersom.mx\/en\/\"},{\"@type\":\"ListItem\",\"position\":2,\"name\":\"Tienda\",\"item\":\"https:\/\/fersom.mx\/en\/tienda\/\"},{\"@type\":\"ListItem\",\"position\":3,\"name\":\"FOCO LED, 8.5 W, LUZ SUAVE C\\u00c1LIDA, BASE E27 HIDRUS I\"}]}]}<\/script>\n<!-- \/ Yoast SEO plugin. -->","yoast_head_json":{"title":"FOCO LED, 8.5 W, LUZ SUAVE C\u00c1LIDA, BASE E27 HIDRUS I | Fersom","description":"El foco que elijas puede ser tan impactante como la propia l\u00e1mpara. Nuestra categor\u00eda de focos LED contiene una amplia gama de aplicaciones y caracter\u00edsticas \u00fanicas, como focos LED regulables, focos inteligentes, distintas temperaturas de color y bases. Adem\u00e1s, si tus focos van a estar expuestas o visibles, puedes elegir entre focos de diferentes formas, como focos tipo vela, focos de globo, focos vintage e incluso estilos geom\u00e9tricos para crear efectos \u00fanicos con su iluminaci\u00f3n. Crea una pieza de iluminaci\u00f3n impresionante desde el foco.","robots":{"index":"index","follow":"follow","max-snippet":"max-snippet:-1","max-image-preview":"max-image-preview:large","max-video-preview":"max-video-preview:-1"},"canonical":"https:\/\/fersom.mx\/en\/product\/foco-led-8-5-w-luz-suave-calida-base-e27-hidrus-i\/","og_locale":"en_US","og_type":"article","og_title":"FOCO LED, 8.5 W, LUZ SUAVE C\u00c1LIDA, BASE E27 HIDRUS I | Fersom","og_description":"El foco que elijas puede ser tan impactante como la propia l\u00e1mpara. Nuestra categor\u00eda de focos LED contiene una amplia gama de aplicaciones y caracter\u00edsticas \u00fanicas, como focos LED regulables, focos inteligentes, distintas temperaturas de color y bases. Adem\u00e1s, si tus focos van a estar expuestas o visibles, puedes elegir entre focos de diferentes formas, como focos tipo vela, focos de globo, focos vintage e incluso estilos geom\u00e9tricos para crear efectos \u00fanicos con su iluminaci\u00f3n. Crea una pieza de iluminaci\u00f3n impresionante desde el foco.","og_url":"https:\/\/fersom.mx\/en\/product\/foco-led-8-5-w-luz-suave-calida-base-e27-hidrus-i\/","og_site_name":"Fersom","article_publisher":"https:\/\/www.facebook.com\/fersom.mx\/","article_modified_time":"2025-07-09T04:04:28+00:00","og_image":[{"width":1200,"height":1200,"filesize":302780,"url":"https:\/\/fersom.mx\/wp-content\/uploads\/2022\/09\/A19-LED-010-30-MAIN.jpg","path":"\/home\/plzagpnuelbj\/public_html\/fersom.mx\/wp-content\/uploads\/2022\/09\/A19-LED-010-30-MAIN.jpg","size":"full","id":7627,"alt":"","pixels":1440000,"type":"image\/jpeg"}],"twitter_card":"summary_large_image","twitter_misc":{"Est. reading time":"1 minute"},"schema":{"@context":"https:\/\/schema.org","@graph":[{"@type":"Organization","@id":"https:\/\/fersom.mx\/en\/#organization","name":"Fersom","url":"https:\/\/fersom.mx\/en\/","sameAs":["https:\/\/www.facebook.com\/fersom.mx\/"],"logo":{"@type":"ImageObject","@id":"https:\/\/fersom.mx\/en\/#logo","inLanguage":"en-US","url":"https:\/\/fersom.mx\/wp-content\/uploads\/2021\/02\/logo-fersom.png","contentUrl":"https:\/\/fersom.mx\/wp-content\/uploads\/2021\/02\/logo-fersom.png","width":300,"height":100,"caption":"Fersom"},"image":{"@id":"https:\/\/fersom.mx\/en\/#logo"}},{"@type":"WebSite","@id":"https:\/\/fersom.mx\/en\/#website","url":"https:\/\/fersom.mx\/en\/","name":"Fersom","description":"Comercial el&eacute;ctrica","publisher":{"@id":"https:\/\/fersom.mx\/en\/#organization"},"potentialAction":[{"@type":"SearchAction","target":{"@type":"EntryPoint","urlTemplate":"https:\/\/fersom.mx\/en\/?s={search_term_string}"},"query-input":"required name=search_term_string"}],"inLanguage":"en-US"},{"@type":"ImageObject","@id":"https:\/\/fersom.mx\/en\/product\/foco-led-8-5-w-luz-suave-calida-base-e27-hidrus-i\/#primaryimage","inLanguage":"en-US","url":"https:\/\/fersom.mx\/wp-content\/uploads\/2022\/09\/A19-LED-010-30-MAIN.jpg","contentUrl":"https:\/\/fersom.mx\/wp-content\/uploads\/2022\/09\/A19-LED-010-30-MAIN.jpg","width":1200,"height":1200},{"@type":"WebPage","@id":"https:\/\/fersom.mx\/en\/product\/foco-led-8-5-w-luz-suave-calida-base-e27-hidrus-i\/#webpage","url":"https:\/\/fersom.mx\/en\/product\/foco-led-8-5-w-luz-suave-calida-base-e27-hidrus-i\/","name":"FOCO LED, 8.5 W, LUZ SUAVE C\u00c1LIDA, BASE E27 HIDRUS I | Fersom","isPartOf":{"@id":"https:\/\/fersom.mx\/en\/#website"},"primaryImageOfPage":{"@id":"https:\/\/fersom.mx\/en\/product\/foco-led-8-5-w-luz-suave-calida-base-e27-hidrus-i\/#primaryimage"},"datePublished":"2022-09-22T17:04:19+00:00","dateModified":"2025-07-09T04:04:28+00:00","description":"El foco que elijas puede ser tan impactante como la propia l\u00e1mpara. Nuestra categor\u00eda de focos LED contiene una amplia gama de aplicaciones y caracter\u00edsticas \u00fanicas, como focos LED regulables, focos inteligentes, distintas temperaturas de color y bases. Adem\u00e1s, si tus focos van a estar expuestas o visibles, puedes elegir entre focos de diferentes formas, como focos tipo vela, focos de globo, focos vintage e incluso estilos geom\u00e9tricos para crear efectos \u00fanicos con su iluminaci\u00f3n. Crea una pieza de iluminaci\u00f3n impresionante desde el foco.","breadcrumb":{"@id":"https:\/\/fersom.mx\/en\/product\/foco-led-8-5-w-luz-suave-calida-base-e27-hidrus-i\/#breadcrumb"},"inLanguage":"en-US","potentialAction":[{"@type":"ReadAction","target":["https:\/\/fersom.mx\/en\/product\/foco-led-8-5-w-luz-suave-calida-base-e27-hidrus-i\/"]}]},{"@type":"BreadcrumbList","@id":"https:\/\/fersom.mx\/en\/product\/foco-led-8-5-w-luz-suave-calida-base-e27-hidrus-i\/#breadcrumb","itemListElement":[{"@type":"ListItem","position":1,"name":"Portada","item":"https:\/\/fersom.mx\/en\/"},{"@type":"ListItem","position":2,"name":"Tienda","item":"https:\/\/fersom.mx\/en\/tienda\/"},{"@type":"ListItem","position":3,"name":"FOCO LED, 8.5 W, LUZ SUAVE C\u00c1LIDA, BASE E27 HIDRUS I"}]}]}},"_links":{"self":[{"href":"https:\/\/fersom.mx\/en\/wp-json\/wp\/v2\/product\/7626"}],"collection":[{"href":"https:\/\/fersom.mx\/en\/wp-json\/wp\/v2\/product"}],"about":[{"href":"https:\/\/fersom.mx\/en\/wp-json\/wp\/v2\/types\/product"}],"replies":[{"embeddable":true,"href":"https:\/\/fersom.mx\/en\/wp-json\/wp\/v2\/comments?post=7626"}],"wp:featuredmedia":[{"embeddable":true,"href":"https:\/\/fersom.mx\/en\/wp-json\/wp\/v2\/media\/7627"}],"wp:attachment":[{"href":"https:\/\/fersom.mx\/en\/wp-json\/wp\/v2\/media?parent=7626"}],"curies":[{"name":"wp","href":"https:\/\/api.w.org\/{rel}","templated":true}]}}